{"id":36,"date":"2024-07-29T17:35:19","date_gmt":"2024-07-29T17:35:19","guid":{"rendered":"https:\/\/truecontourmedical.com\/?page_id=36"},"modified":"2025-08-21T12:05:14","modified_gmt":"2025-08-21T12:05:14","slug":"contact","status":"publish","type":"page","link":"https:\/\/truecontourmedical.com\/es\/contact\/","title":{"rendered":"Contacto"},"content":{"rendered":"<div data-elementor-type=\"wp-page\" data-elementor-id=\"36\" class=\"elementor elementor-36\" data-elementor-post-type=\"page\">\n\t\t\t\t<div class=\"elementor-element elementor-element-1740d4b e-flex e-con-boxed e-con e-parent\" data-id=\"1740d4b\" data-element_type=\"container\" data-settings=\"{&quot;background_background&quot;:&quot;classic&quot;}\">\n\t\t\t\t\t<div class=\"e-con-inner\">\n\t\t<div class=\"elementor-element elementor-element-4a46e91 e-con-full e-flex e-con e-child\" data-id=\"4a46e91\" data-element_type=\"container\">\n\t\t\t\t<div class=\"elementor-element elementor-element-d227646 elementor-invisible elementor-widget elementor-widget-heading\" data-id=\"d227646\" data-element_type=\"widget\" data-settings=\"{&quot;_animation&quot;:&quot;fadeInUp&quot;}\" data-widget_type=\"heading.default\">\n\t\t\t\t<div class=\"elementor-widget-container\">\n\t\t\t\t\t<h1 class=\"elementor-heading-title elementor-size-default\">Cont\u00e1ctanos<\/h1>\t\t\t\t<\/div>\n\t\t\t\t<\/div>\n\t\t\t\t<div class=\"elementor-element elementor-element-5ef30e4 elementor-invisible elementor-widget elementor-widget-heading\" data-id=\"5ef30e4\" data-element_type=\"widget\" data-settings=\"{&quot;_animation&quot;:&quot;fadeInUp&quot;}\" data-widget_type=\"heading.default\">\n\t\t\t\t<div class=\"elementor-widget-container\">\n\t\t\t\t\t<h3 class=\"elementor-heading-title elementor-size-default\">Tu camino hacia una figura ideal comienza aqu\u00ed<\/h3>\t\t\t\t<\/div>\n\t\t\t\t<\/div>\n\t\t\t\t<\/div>\n\t\t\t\t\t<\/div>\n\t\t\t\t<\/div>\n\t\t<div class=\"elementor-element elementor-element-4477bc1 e-flex e-con-boxed e-con e-parent\" data-id=\"4477bc1\" data-element_type=\"container\">\n\t\t\t\t\t<div class=\"e-con-inner\">\n\t\t<div class=\"elementor-element elementor-element-e9dedc0 e-con-full animated-slow e-flex elementor-invisible e-con e-child\" data-id=\"e9dedc0\" data-element_type=\"container\" data-settings=\"{&quot;animation&quot;:&quot;fadeIn&quot;}\">\n\t\t<div class=\"elementor-element elementor-element-be7687f e-con-full e-flex e-con e-child\" data-id=\"be7687f\" data-element_type=\"container\">\n\t\t\t\t<div class=\"elementor-element elementor-element-a8a4eef elementor-widget__width-initial elementor-widget elementor-widget-heading\" data-id=\"a8a4eef\" data-element_type=\"widget\" data-widget_type=\"heading.default\">\n\t\t\t\t<div class=\"elementor-widget-container\">\n\t\t\t\t\t<h3 class=\"elementor-heading-title elementor-size-default\">Agenda tu Consulta<\/h3>\t\t\t\t<\/div>\n\t\t\t\t<\/div>\n\t\t\t\t<div class=\"elementor-element elementor-element-6c3df2a elementor-widget__width-initial elementor-widget elementor-widget-heading\" data-id=\"6c3df2a\" data-element_type=\"widget\" data-widget_type=\"heading.default\">\n\t\t\t\t<div class=\"elementor-widget-container\">\n\t\t\t\t\t<p class=\"elementor-heading-title elementor-size-default\">El DrG y su equipo est\u00e1n aqu\u00ed para resolver todas tus dudas y acompa\u00f1arte en tu transformaci\u00f3n hacia tu versi\u00f3n m\u00e1s segura y radiante. Cont\u00e1ctanos hoy para agendar tu consulta y experimentar el cuidado personalizado y excepcional que mereces.\n<\/p>\t\t\t\t<\/div>\n\t\t\t\t<\/div>\n\t\t\t\t<\/div>\n\t\t<div class=\"elementor-element elementor-element-d71bce4 e-con-full e-flex e-con e-child\" data-id=\"d71bce4\" data-element_type=\"container\">\n\t\t\t\t<div class=\"elementor-element elementor-element-48890a9 elementor-button-align-center elementor-widget elementor-widget-form\" data-id=\"48890a9\" data-element_type=\"widget\" data-settings=\"{&quot;step_next_label&quot;:&quot;Next&quot;,&quot;step_previous_label&quot;:&quot;Previous&quot;,&quot;button_width&quot;:&quot;100&quot;,&quot;step_type&quot;:&quot;number_text&quot;,&quot;step_icon_shape&quot;:&quot;circle&quot;}\" data-widget_type=\"form.default\">\n\t\t\t\t<div class=\"elementor-widget-container\">\n\t\t\t\t\t\t\t<form class=\"elementor-form\" method=\"post\" name=\"New Form\" aria-label=\"New Form\" action=\"\">\n\t\t\t<input type=\"hidden\" name=\"post_id\" value=\"36\"\/>\n\t\t\t<input type=\"hidden\" name=\"form_id\" value=\"48890a9\"\/>\n\t\t\t<input type=\"hidden\" name=\"referer_title\" value=\"Contact | True Contour Medical\" \/>\n\n\t\t\t\t\t\t\t<input type=\"hidden\" name=\"queried_id\" value=\"36\"\/>\n\t\t\t\n\t\t\t<div class=\"elementor-form-fields-wrapper elementor-labels-above\">\n\t\t\t\t\t\t\t\t<div class=\"elementor-field-type-step elementor-field-group elementor-column elementor-field-group-field_9923af0 elementor-col-100\">\n\t\t\t\t\t\t\t<div class=\"e-field-step elementor-hidden\" data-label=\"Contact\" data-previousbutton=\"\" data-nextbutton=\"\" data-iconurl=\"\" data-iconlibrary=\"fas fa-star\" data-icon=\"&lt;svg class=&quot;e-font-icon-svg e-fas-star&quot; viewBox=&quot;0 0 576 512&quot; xmlns=&quot;http:\/\/www.w3.org\/2000\/svg&quot;&gt;&lt;path d=&quot;M259.3 17.8L194 150.2 47.9 171.5c-26.2 3.8-36.7 36.1-17.7 54.6l105.7 103-25 145.5c-4.5 26.3 23.2 46 46.4 33.7L288 439.6l130.7 68.7c23.2 12.2 50.9-7.4 46.4-33.7l-25-145.5 105.7-103c19-18.5 8.5-50.8-17.7-54.6L382 150.2 316.7 17.8c-11.7-23.6-45.6-23.9-57.4 0z&quot;&gt;&lt;\/path&gt;&lt;\/svg&gt;\" ><\/div>\n\n\t\t\t\t\t\t<\/div>\n\t\t\t\t\t\t\t\t<div class=\"elementor-field-type-text elementor-field-group elementor-column elementor-field-group-name elementor-col-100 elementor-field-required elementor-mark-required\">\n\t\t\t\t\t\t\t\t\t\t\t\t<label for=\"form-field-name\" class=\"elementor-field-label\">\n\t\t\t\t\t\t\t\tNombre Completo\t\t\t\t\t\t\t<\/label>\n\t\t\t\t\t\t\t\t\t\t\t\t\t\t<input size=\"1\" type=\"text\" name=\"form_fields[name]\" id=\"form-field-name\" class=\"elementor-field elementor-size-lg  elementor-field-textual\" placeholder=\"Nombre Completo\" required=\"required\">\n\t\t\t\t\t\t\t\t\t\t\t<\/div>\n\t\t\t\t\t\t\t\t<div class=\"elementor-field-type-email elementor-field-group elementor-column elementor-field-group-email elementor-col-50 elementor-field-required elementor-mark-required\">\n\t\t\t\t\t\t\t\t\t\t\t\t<label for=\"form-field-email\" class=\"elementor-field-label\">\n\t\t\t\t\t\t\t\tCorreo Electr\u00f3nico\t\t\t\t\t\t\t<\/label>\n\t\t\t\t\t\t\t\t\t\t\t\t\t\t<input size=\"1\" type=\"email\" name=\"form_fields[email]\" id=\"form-field-email\" class=\"elementor-field elementor-size-lg  elementor-field-textual\" placeholder=\"Correo Electr\u00f3nico\" required=\"required\">\n\t\t\t\t\t\t\t\t\t\t\t<\/div>\n\t\t\t\t\t\t\t\t<div class=\"elementor-field-type-tel elementor-field-group elementor-column elementor-field-group-field_008b7d5 elementor-col-50\">\n\t\t\t\t\t\t\t\t\t\t\t\t<label for=\"form-field-field_008b7d5\" class=\"elementor-field-label\">\n\t\t\t\t\t\t\t\tN\u00famero de Tel\u00e9fono\t\t\t\t\t\t\t<\/label>\n\t\t\t\t\t\t\t\t<input size=\"1\" type=\"tel\" name=\"form_fields[field_008b7d5]\" id=\"form-field-field_008b7d5\" class=\"elementor-field elementor-size-lg  elementor-field-textual\" placeholder=\"N\u00famero de Tel\u00e9fono\" pattern=\"[0-9()#&amp;+*-=.]+\" title=\"Only numbers and phone characters (#, -, *, etc) are accepted.\">\n\n\t\t\t\t\t\t<\/div>\n\t\t\t\t\t\t\t\t<div class=\"elementor-field-type-date elementor-field-group elementor-column elementor-field-group-field_f4d8fd7 elementor-col-50\">\n\t\t\t\t\t\t\t\t\t\t\t\t<label for=\"form-field-field_f4d8fd7\" class=\"elementor-field-label\">\n\t\t\t\t\t\t\t\tFecha de Nacimiento\t\t\t\t\t\t\t<\/label>\n\t\t\t\t\t\t\n\t\t<input type=\"date\" name=\"form_fields[field_f4d8fd7]\" id=\"form-field-field_f4d8fd7\" class=\"elementor-field elementor-size-lg  elementor-field-textual elementor-date-field\" placeholder=\"DD\/MM\/YYYY\" pattern=\"[0-9]{4}-[0-9]{2}-[0-9]{2}\">\n\t\t\t\t\t\t<\/div>\n\t\t\t\t\t\t\t\t<div class=\"elementor-field-type-text elementor-field-group elementor-column elementor-field-group-field_db66ac0 elementor-col-50\">\n\t\t\t\t\t\t\t\t\t\t\t\t<label for=\"form-field-field_db66ac0\" class=\"elementor-field-label\">\n\t\t\t\t\t\t\t\t\u00bfD\u00f3nde te encuentras?\t\t\t\t\t\t\t<\/label>\n\t\t\t\t\t\t\t\t\t\t\t\t\t\t<input size=\"1\" type=\"text\" name=\"form_fields[field_db66ac0]\" id=\"form-field-field_db66ac0\" class=\"elementor-field elementor-size-lg  elementor-field-textual\" placeholder=\"\u00bfD\u00f3nde te encuentras?\">\n\t\t\t\t\t\t\t\t\t\t\t<\/div>\n\t\t\t\t\t\t\t\t<div class=\"elementor-field-type-step elementor-field-group elementor-column elementor-field-group-field_e5b2856 elementor-col-100\">\n\t\t\t\t\t\t\t<div class=\"e-field-step elementor-hidden\" data-label=\"Treatments\" data-previousbutton=\"\" data-nextbutton=\"\" data-iconurl=\"\" data-iconlibrary=\"fas fa-star\" data-icon=\"&lt;svg class=&quot;e-font-icon-svg e-fas-star&quot; viewBox=&quot;0 0 576 512&quot; xmlns=&quot;http:\/\/www.w3.org\/2000\/svg&quot;&gt;&lt;path d=&quot;M259.3 17.8L194 150.2 47.9 171.5c-26.2 3.8-36.7 36.1-17.7 54.6l105.7 103-25 145.5c-4.5 26.3 23.2 46 46.4 33.7L288 439.6l130.7 68.7c23.2 12.2 50.9-7.4 46.4-33.7l-25-145.5 105.7-103c19-18.5 8.5-50.8-17.7-54.6L382 150.2 316.7 17.8c-11.7-23.6-45.6-23.9-57.4 0z&quot;&gt;&lt;\/path&gt;&lt;\/svg&gt;\" ><\/div>\n\n\t\t\t\t\t\t<\/div>\n\t\t\t\t\t\t\t\t<div class=\"elementor-field-type-checkbox elementor-field-group elementor-column elementor-field-group-field_8939488 elementor-col-33\">\n\t\t\t\t\t\t\t\t\t\t\t\t<label for=\"form-field-field_8939488\" class=\"elementor-field-label\">\n\t\t\t\t\t\t\t\tMedicina Regenerativa\t\t\t\t\t\t\t<\/label>\n\t\t\t\t\t\t<div class=\"elementor-field-subgroup\"><span class=\"elementor-field-option\"><input type=\"checkbox\" value=\"AcuteAndChronicPainManagement\" id=\"form-field-field_8939488-0\" name=\"form_fields[field_8939488][]\"> <label for=\"form-field-field_8939488-0\">Tratamientos para Dolor Agudo y Cr\u00f3nico<\/label><\/span><span class=\"elementor-field-option\"><input type=\"checkbox\" value=\"SportsInjuryRecovery\" id=\"form-field-field_8939488-1\" name=\"form_fields[field_8939488][]\"> <label for=\"form-field-field_8939488-1\">Recuperaci\u00f3n de Lesiones Deportivas<\/label><\/span><\/div>\t\t\t\t<\/div>\n\t\t\t\t\t\t\t\t<div class=\"elementor-field-type-checkbox elementor-field-group elementor-column elementor-field-group-field_8db638a elementor-col-33\">\n\t\t\t\t\t\t\t\t\t\t\t\t<label for=\"form-field-field_8db638a\" class=\"elementor-field-label\">\n\t\t\t\t\t\t\t\tTratamientos Cosm\u00e9ticos\t\t\t\t\t\t\t<\/label>\n\t\t\t\t\t\t<div class=\"elementor-field-subgroup\"><span class=\"elementor-field-option\"><input type=\"checkbox\" value=\"PAL\" id=\"form-field-field_8db638a-0\" name=\"form_fields[field_8db638a][]\"> <label for=\"form-field-field_8db638a-0\">Liposucci\u00f3n PAL<\/label><\/span><span class=\"elementor-field-option\"><input type=\"checkbox\" value=\"VASER\" id=\"form-field-field_8db638a-1\" name=\"form_fields[field_8db638a][]\"> <label for=\"form-field-field_8db638a-1\">Liposucci\u00f3n VASER<\/label><\/span><span class=\"elementor-field-option\"><input type=\"checkbox\" value=\"Liposuction\" id=\"form-field-field_8db638a-2\" name=\"form_fields[field_8db638a][]\"> <label for=\"form-field-field_8db638a-2\">Liposucci\u00f3n<\/label><\/span><span class=\"elementor-field-option\"><input type=\"checkbox\" value=\"BBL\" id=\"form-field-field_8db638a-3\" name=\"form_fields[field_8db638a][]\"> <label for=\"form-field-field_8db638a-3\">BBL - Aumento de Gl\u00fateos<\/label><\/span><span class=\"elementor-field-option\"><input type=\"checkbox\" value=\"NaturalNBA\" id=\"form-field-field_8db638a-4\" name=\"form_fields[field_8db638a][]\"> <label for=\"form-field-field_8db638a-4\">Aumento Natural de Senos<\/label><\/span><span class=\"elementor-field-option\"><input type=\"checkbox\" value=\"Male Gynecomastia Surgery\" id=\"form-field-field_8db638a-5\" name=\"form_fields[field_8db638a][]\"> <label for=\"form-field-field_8db638a-5\">Cirug\u00eda de Ginecomastia Masculina<\/label><\/span><span class=\"elementor-field-option\"><input type=\"checkbox\" value=\"Renuvion Skin Tightening\" id=\"form-field-field_8db638a-6\" name=\"form_fields[field_8db638a][]\"> <label for=\"form-field-field_8db638a-6\">Renuvion Tratamiento de Piel<\/label><\/span><span class=\"elementor-field-option\"><input type=\"checkbox\" value=\"Av\u00e9li Cellulite Treatment\" id=\"form-field-field_8db638a-7\" name=\"form_fields[field_8db638a][]\"> <label for=\"form-field-field_8db638a-7\">Av\u00e9li - Tratamiento para Celulitis<\/label><\/span><span class=\"elementor-field-option\"><input type=\"checkbox\" value=\"Body Contouring\" id=\"form-field-field_8db638a-8\" name=\"form_fields[field_8db638a][]\"> <label for=\"form-field-field_8db638a-8\">Contorno Corporal<\/label><\/span><\/div>\t\t\t\t<\/div>\n\t\t\t\t\t\t\t\t<div class=\"elementor-field-type-checkbox elementor-field-group elementor-column elementor-field-group-field_46ae995 elementor-col-33\">\n\t\t\t\t\t\t\t\t\t\t\t\t<label for=\"form-field-field_46ae995\" class=\"elementor-field-label\">\n\t\t\t\t\t\t\t\tPaquetes Est\u00e9ticos\t\t\t\t\t\t\t<\/label>\n\t\t\t\t\t\t<div class=\"elementor-field-subgroup\"><span class=\"elementor-field-option\"><input type=\"checkbox\" value=\"Summer Body\" id=\"form-field-field_46ae995-0\" name=\"form_fields[field_46ae995][]\"> <label for=\"form-field-field_46ae995-0\">Cuerpo de Verano<\/label><\/span><span class=\"elementor-field-option\"><input type=\"checkbox\" value=\"Body360\" id=\"form-field-field_46ae995-1\" name=\"form_fields[field_46ae995][]\"> <label for=\"form-field-field_46ae995-1\">Cuerpo 360<\/label><\/span><span class=\"elementor-field-option\"><input type=\"checkbox\" value=\"GreatLegs360\" id=\"form-field-field_46ae995-2\" name=\"form_fields[field_46ae995][]\"> <label for=\"form-field-field_46ae995-2\">Piernas 360<\/label><\/span><span class=\"elementor-field-option\"><input type=\"checkbox\" value=\"MonsLipo\" id=\"form-field-field_46ae995-3\" name=\"form_fields[field_46ae995][]\"> <label for=\"form-field-field_46ae995-3\">Mons Lipo<\/label><\/span><span class=\"elementor-field-option\"><input type=\"checkbox\" value=\"GreatArms\" id=\"form-field-field_46ae995-4\" name=\"form_fields[field_46ae995][]\"> <label for=\"form-field-field_46ae995-4\">Brazos<\/label><\/span><span class=\"elementor-field-option\"><input type=\"checkbox\" value=\"RenuvionAddOn\" id=\"form-field-field_46ae995-5\" name=\"form_fields[field_46ae995][]\"> <label for=\"form-field-field_46ae995-5\">Complemento Renuvion<\/label><\/span><span class=\"elementor-field-option\"><input type=\"checkbox\" value=\"FatTransferAddOn\" id=\"form-field-field_46ae995-6\" name=\"form_fields[field_46ae995][]\"> <label for=\"form-field-field_46ae995-6\">Complemento de Lipotransferencia<\/label><\/span><\/div>\t\t\t\t<\/div>\n\t\t\t\t\t\t\t\t<div class=\"elementor-field-type-upload elementor-field-group elementor-column elementor-field-group-field_f21e57b elementor-col-70\">\n\t\t\t\t\t\t\t\t\t\t\t\t<label for=\"form-field-field_f21e57b\" class=\"elementor-field-label\">\n\t\t\t\t\t\t\t\tPuedes adjuntar aqu\u00ed fotos del \u00e1rea de tu cuerpo que te gustar\u00eda tratar:\t\t\t\t\t\t\t<\/label>\n\t\t\t\t\t\t\t\t<input type=\"file\" name=\"form_fields[field_f21e57b]\" id=\"form-field-field_f21e57b\" class=\"elementor-field elementor-size-lg  elementor-upload-field\" data-maxsize=\"12\" data-maxsize-message=\"This file exceeds the maximum allowed size.\">\n\n\t\t\t\t\t\t<\/div>\n\t\t\t\t\t\t\t\t<div class=\"elementor-field-type-step elementor-field-group elementor-column elementor-field-group-field_532abf2 elementor-col-100\">\n\t\t\t\t\t\t\t<div class=\"e-field-step elementor-hidden\" data-label=\"Message\" data-previousbutton=\"\" data-nextbutton=\"\" data-iconurl=\"\" data-iconlibrary=\"fas fa-star\" data-icon=\"&lt;svg class=&quot;e-font-icon-svg e-fas-star&quot; viewBox=&quot;0 0 576 512&quot; xmlns=&quot;http:\/\/www.w3.org\/2000\/svg&quot;&gt;&lt;path d=&quot;M259.3 17.8L194 150.2 47.9 171.5c-26.2 3.8-36.7 36.1-17.7 54.6l105.7 103-25 145.5c-4.5 26.3 23.2 46 46.4 33.7L288 439.6l130.7 68.7c23.2 12.2 50.9-7.4 46.4-33.7l-25-145.5 105.7-103c19-18.5 8.5-50.8-17.7-54.6L382 150.2 316.7 17.8c-11.7-23.6-45.6-23.9-57.4 0z&quot;&gt;&lt;\/path&gt;&lt;\/svg&gt;\" ><\/div>\n\n\t\t\t\t\t\t<\/div>\n\t\t\t\t\t\t\t\t<div class=\"elementor-field-type-textarea elementor-field-group elementor-column elementor-field-group-message elementor-col-100\">\n\t\t\t\t\t\t\t\t\t\t\t\t<label for=\"form-field-message\" class=\"elementor-field-label\">\n\t\t\t\t\t\t\t\tMensaje\t\t\t\t\t\t\t<\/label>\n\t\t\t\t\t\t<textarea class=\"elementor-field-textual elementor-field  elementor-size-lg\" name=\"form_fields[message]\" id=\"form-field-message\" rows=\"4\" placeholder=\"Mensaje\"><\/textarea>\t\t\t\t<\/div>\n\t\t\t\t\t\t\t\t<div class=\"elementor-field-type-checkbox elementor-field-group elementor-column elementor-field-group-field_4443ea3 elementor-col-100\">\n\t\t\t\t\t<div class=\"elementor-field-subgroup\"><span class=\"elementor-field-option\"><input type=\"checkbox\" value=\"I Consent to Receive SMS Notifications, Alerts &amp; Occasional Marketing Communication from True Contour Medical. Message frequency varies. Message &amp; data rates may apply.Text HELP to (844) 442-0287 for assistance. You can reply STOP to unsubscribe at any time.\" id=\"form-field-field_4443ea3-0\" name=\"form_fields[field_4443ea3]\"> <label for=\"form-field-field_4443ea3-0\">Autorizo recibir mensajes SMS con notificaciones, alertas y promociones ocasionales de True Contour Medical. La frecuencia puede variar. Pueden aplicarse tarifas por mensajes y datos. Env\u00eda la palabra HELP al (844) 442-0287 para asistencia. Puedes responder con la palabra STOP para cancelar en cualquier momento.<\/label><\/span><\/div>\t\t\t\t<\/div>\n\t\t\t\t\t\t\t\t<div class=\"elementor-field-type-recaptcha_v3 elementor-field-group elementor-column elementor-field-group-field_d80a1e5 elementor-col-100 recaptcha_v3-bottomright\">\n\t\t\t\t\t<div class=\"elementor-field\" id=\"form-field-field_d80a1e5\"><div class=\"elementor-g-recaptcha\" data-sitekey=\"6LcoXq0qAAAAAESatZZaqmooo8RWsOpcuFZ4CjBE\" data-type=\"v3\" data-action=\"Form\" data-badge=\"bottomright\" data-size=\"invisible\"><\/div><\/div>\t\t\t\t<\/div>\n\t\t\t\t\t\t\t\t<div class=\"elementor-field-group elementor-column elementor-field-type-submit elementor-col-100 e-form__buttons\">\n\t\t\t\t\t<button class=\"elementor-button elementor-size-lg\" type=\"submit\">\n\t\t\t\t\t\t<span class=\"elementor-button-content-wrapper\">\n\t\t\t\t\t\t\t\t\t\t\t\t\t\t\t\t\t\t\t\t\t\t<span class=\"elementor-button-text\">Enviar<\/span>\n\t\t\t\t\t\t\t\t\t\t\t\t\t<\/span>\n\t\t\t\t\t<\/button>\n\t\t\t\t<\/div>\n\t\t\t<\/div>\n\t\t<input type=\"hidden\" name=\"trp-form-language\" value=\"es\"\/><\/form>\n\t\t\t\t\t\t<\/div>\n\t\t\t\t<\/div>\n\t\t\t\t<\/div>\n\t\t\t\t<\/div>\n\t\t\t\t\t<\/div>\n\t\t\t\t<\/div>\n\t\t<div class=\"elementor-element elementor-element-5a3b2c7 e-con-full e-flex e-con e-child\" data-id=\"5a3b2c7\" data-element_type=\"container\">\n\t\t\t\t<div class=\"elementor-element elementor-element-64d16bf elementor-widget elementor-widget-html\" data-id=\"64d16bf\" data-element_type=\"widget\" data-widget_type=\"html.default\">\n\t\t\t\t<div class=\"elementor-widget-container\">\n\t\t\t\t\t<iframe src=\"https:\/\/www.google.com\/maps\/embed?pb=!1m18!1m12!1m3!1d3323.9553244939616!2d-111.8828994!3d33.580509199999995!2m3!1f0!2f0!3f0!3m2!1i1024!2i768!4f13.1!3m3!1m2!1s0x872b75371b61239d%3A0xbcb928555adf58d5!2sTrue%20Contour%20Medical!5e0!3m2!1sen!2sin!4v1755777780811!5m2!1sen!2sin\" width=\"600\" height=\"450\" style=\"border:0;\" allowfullscreen=\"\" loading=\"lazy\" referrerpolicy=\"no-referrer-when-downgrade\"><\/iframe>\t\t\t\t<\/div>\n\t\t\t\t<\/div>\n\t\t\t\t<\/div>\n\t\t\t\t<\/div>","protected":false},"excerpt":{"rendered":"<p>Contact Us Your Journey to a Perfect Body Shape Starts Here Book a Consultation DrG and his team are here to answer all your questions and guide you on your journey to a more confident, beautiful you. Reach out today to schedule your consultation and experience the exceptional care you deserve.<\/p>","protected":false},"author":2,"featured_media":0,"parent":0,"menu_order":0,"comment_status":"closed","ping_status":"closed","template":"","meta":{"_acf_changed":false,"footnotes":""},"class_list":["post-36","page","type-page","status-publish","hentry"],"acf":[],"_links":{"self":[{"href":"https:\/\/truecontourmedical.com\/es\/wp-json\/wp\/v2\/pages\/36","targetHints":{"allow":["GET"]}}],"collection":[{"href":"https:\/\/truecontourmedical.com\/es\/wp-json\/wp\/v2\/pages"}],"about":[{"href":"https:\/\/truecontourmedical.com\/es\/wp-json\/wp\/v2\/types\/page"}],"author":[{"embeddable":true,"href":"https:\/\/truecontourmedical.com\/es\/wp-json\/wp\/v2\/users\/2"}],"replies":[{"embeddable":true,"href":"https:\/\/truecontourmedical.com\/es\/wp-json\/wp\/v2\/comments?post=36"}],"version-history":[{"count":0,"href":"https:\/\/truecontourmedical.com\/es\/wp-json\/wp\/v2\/pages\/36\/revisions"}],"wp:attachment":[{"href":"https:\/\/truecontourmedical.com\/es\/wp-json\/wp\/v2\/media?parent=36"}],"curies":[{"name":"wp","href":"https:\/\/api.w.org\/{rel}","templated":true}]}}