{"id":360,"date":"2024-09-13T16:20:42","date_gmt":"2024-09-13T16:20:42","guid":{"rendered":"https:\/\/truecontourmedical.com\/?page_id=360"},"modified":"2025-05-31T05:11:10","modified_gmt":"2025-05-31T05:11:10","slug":"power-assisted-liposuction","status":"publish","type":"page","link":"https:\/\/truecontourmedical.com\/es\/treatments\/power-assisted-liposuction\/","title":{"rendered":"Power Assisted Liposuction"},"content":{"rendered":"<div data-elementor-type=\"wp-page\" data-elementor-id=\"360\" class=\"elementor elementor-360\" data-elementor-post-type=\"page\">\n\t\t\t\t<div class=\"elementor-element elementor-element-caf63c7 e-flex e-con-boxed e-con e-parent\" data-id=\"caf63c7\" data-element_type=\"container\" data-settings=\"{&quot;background_background&quot;:&quot;classic&quot;}\">\n\t\t\t\t\t<div class=\"e-con-inner\">\n\t\t<div class=\"elementor-element elementor-element-f5c9ed9 e-con-full e-flex e-con e-child\" data-id=\"f5c9ed9\" data-element_type=\"container\">\n\t\t\t\t<div class=\"elementor-element elementor-element-12da3e5 elementor-invisible elementor-widget elementor-widget-heading\" data-id=\"12da3e5\" data-element_type=\"widget\" data-settings=\"{&quot;_animation&quot;:&quot;fadeInUp&quot;}\" data-widget_type=\"heading.default\">\n\t\t\t\t<div class=\"elementor-widget-container\">\n\t\t\t\t\t<h1 class=\"elementor-heading-title elementor-size-default\">Liposucci\u00f3n PAL<\/h1>\t\t\t\t<\/div>\n\t\t\t\t<\/div>\n\t\t\t\t<\/div>\n\t\t\t\t\t<\/div>\n\t\t\t\t<\/div>\n\t\t<div class=\"elementor-element elementor-element-56e7c78 e-flex e-con-boxed e-con e-parent\" data-id=\"56e7c78\" data-element_type=\"container\" data-settings=\"{&quot;background_background&quot;:&quot;classic&quot;}\">\n\t\t\t\t\t<div class=\"e-con-inner\">\n\t\t<div class=\"elementor-element elementor-element-a436f04 e-con-full e-flex e-con e-child\" data-id=\"a436f04\" data-element_type=\"container\">\n\t\t<div class=\"elementor-element elementor-element-75bc3ec animated-slow e-flex e-con-boxed elementor-invisible e-con e-child\" data-id=\"75bc3ec\" data-element_type=\"container\" data-settings=\"{&quot;animation&quot;:&quot;fadeInUp&quot;}\">\n\t\t\t\t\t<div class=\"e-con-inner\">\n\t\t\t\t<div class=\"elementor-element elementor-element-43dedea elementor-widget__width-inherit elementor-widget elementor-widget-heading\" data-id=\"43dedea\" data-element_type=\"widget\" data-widget_type=\"heading.default\">\n\t\t\t\t<div class=\"elementor-widget-container\">\n\t\t\t\t\t<h2 class=\"elementor-heading-title elementor-size-default\">\u00bfQu\u00e9 es la Liposucci\u00f3n PAL?<\/h2>\t\t\t\t<\/div>\n\t\t\t\t<\/div>\n\t\t\t\t<div class=\"elementor-element elementor-element-f269f98 elementor-widget__width-inherit elementor-widget elementor-widget-heading\" data-id=\"f269f98\" data-element_type=\"widget\" data-widget_type=\"heading.default\">\n\t\t\t\t<div class=\"elementor-widget-container\">\n\t\t\t\t\t<h3 class=\"elementor-heading-title elementor-size-default\">La Liposucci\u00f3n Asistida por Energ\u00eda (PAL) es una tecnolog\u00eda avanzada de escultura corporal. Tambi\u00e9n conocida como liposucci\u00f3n con microaire, la liposucci\u00f3n PAL utiliza una c\u00e1nula conectada a un dispositivo motorizado que vibra. Esta vibraci\u00f3n ayuda a desprender y romper las c\u00e9lulas de grasa sin necesidad de aplicar calor, facilitando su extracci\u00f3n con mayor precisi\u00f3n y menos da\u00f1o en los tejidos.<\/h3>\t\t\t\t<\/div>\n\t\t\t\t<\/div>\n\t\t\t\t<div class=\"elementor-element elementor-element-31f3dda elementor-widget-mobile__width-inherit elementor-widget elementor-widget-text-editor\" data-id=\"31f3dda\" data-element_type=\"widget\" data-widget_type=\"text-editor.default\">\n\t\t\t\t<div class=\"elementor-widget-container\">\n\t\t\t\t\t\t\t\t\t<p>A diferencia de la liposucci\u00f3n tradicional (<a href=\"https:\/\/www.realself.com\/surgical\/liposuction\" target=\"_blank\" rel=\"nofollow noopener\">https:\/\/www.realself.com\/surgical\/liposuction<\/a>) (SAL), que depende de movimientos manuales, la t\u00e9cnica PAL es m\u00e1s r\u00e1pida, m\u00e1s eficiente y menos invasiva. Esto reduce tanto la fatiga para el cirujano y como el tiempo de anestesia para el paciente.\u00a0<\/p><p>La liposucci\u00f3n PAL de alta definici\u00f3n puede utilizarse sola para remover grasa localizada. Tambi\u00e9n puede combinarse con otras tecnolog\u00edas complementarias como VASER (<a href=\"https:\/\/www.realself.com\/surgical\/vaser-liposuction\" rel=\"nofollow noopener\" target=\"_blank\">https:\/\/www.realself.com\/surgical\/vaser-liposuction<\/a>) (por ultrasonido), SmartLipo (<a href=\"https:\/\/www.realself.com\/surgical\/smart-lipo\" rel=\"nofollow noopener\" target=\"_blank\">https:\/\/www.realself.com\/surgical\/smart-lipo<\/a>) (l\u00e1ser t\u00e9rmico) o Renuvion (plasma de helio + radiofrecuencia). Estas combinaciones ayudan a licuar la grasa para facilitar su extracci\u00f3n y a contraer la piel levemente.<\/p><p>Al igual que todas las formas de liposucci\u00f3n, la PAL se puede aplicar en todo el cuerpo: abdominales, michelines, espalda, rollitos del sost\u00e9n, brazos, cara interna y externa de los muslos, rodillas y tobillos, as\u00ed como debajo de la barbilla. Dado que la liposucci\u00f3n no es un m\u00e9todo para bajar de peso (<a href=\"https:\/\/www.realself.com\/concerns\/major-weight-loss\" rel=\"nofollow noopener\" target=\"_blank\">https:\/\/www.realself.com\/concerns\/major-weight-loss<\/a>), los candidatos ideales deben tener un peso dentro del 30% de su ideal, con peque\u00f1as bolsas de grasa que resistan la dieta y el ejercicio. Una buena elasticidad de la piel tambi\u00e9n es fundamental, ya que la piel fl\u00e1cida o con estr\u00edas se descolgar\u00e1 en lugar de recuperarse despu\u00e9s de la operaci\u00f3n.<\/p><p>A veces, PAL se refiere a varias marcas de una misma m\u00e1quina de liposucci\u00f3n asistida por potencia. En True Contour Medical, utilizamos la Vibrasat Pro de MollerMedical. Consideramos que esta m\u00e1quina es la m\u00e1s eficaz en todas las zonas y tiene la mayor viabilidad de c\u00e9lulas madre mesenquimales (MSC) para la transferencia de grasa.\u00a0<\/p>\t\t\t\t\t\t\t\t<\/div>\n\t\t\t\t<\/div>\n\t\t\t\t\t<\/div>\n\t\t\t\t<\/div>\n\t\t\t\t<div class=\"elementor-element elementor-element-9e2e582 elementor-widget elementor-widget-template\" data-id=\"9e2e582\" data-element_type=\"widget\" data-widget_type=\"template.default\">\n\t\t\t\t<div class=\"elementor-widget-container\">\n\t\t\t\t\t\t\t<div class=\"elementor-template\">\n\t\t\t\t\t<div data-elementor-type=\"section\" data-elementor-id=\"385\" class=\"elementor elementor-385\" data-elementor-post-type=\"elementor_library\">\n\t\t\t<div class=\"elementor-element elementor-element-cb0b6a7 e-con-full e-flex e-con e-child\" data-id=\"cb0b6a7\" data-element_type=\"container\" data-settings=\"{&quot;background_background&quot;:&quot;classic&quot;}\">\n\t\t<div class=\"elementor-element elementor-element-376e8d7 e-con-full e-flex e-con e-child\" data-id=\"376e8d7\" data-element_type=\"container\">\n\t\t\t\t<div class=\"elementor-element elementor-element-b54b709 elementor-widget elementor-widget-heading\" data-id=\"b54b709\" data-element_type=\"widget\" data-widget_type=\"heading.default\">\n\t\t\t\t<div class=\"elementor-widget-container\">\n\t\t\t\t\t<h2 class=\"elementor-heading-title elementor-size-default\">Contacta con el Dr. G y alcanza tus objetivos de escultura corporal.<\/h2>\t\t\t\t<\/div>\n\t\t\t\t<\/div>\n\t\t\t\t<div class=\"elementor-element elementor-element-5c7383b elementor-widget__width-initial elementor-widget elementor-widget-heading\" data-id=\"5c7383b\" data-element_type=\"widget\" data-widget_type=\"heading.default\">\n\t\t\t\t<div class=\"elementor-widget-container\">\n\t\t\t\t\t<h3 class=\"elementor-heading-title elementor-size-default\">Hablemos de tu transformaci\u00f3n.<\/h3>\t\t\t\t<\/div>\n\t\t\t\t<\/div>\n\t\t\t\t<\/div>\n\t\t\t\t<div class=\"elementor-element elementor-element-d4d3887 elementor-align-justify elementor-widget__width-initial elementor-widget elementor-widget-button\" data-id=\"d4d3887\" data-element_type=\"widget\" data-widget_type=\"button.default\">\n\t\t\t\t<div class=\"elementor-widget-container\">\n\t\t\t\t\t\t\t\t\t<div class=\"elementor-button-wrapper\">\n\t\t\t\t\t<a class=\"elementor-button elementor-button-link elementor-size-sm\" href=\"https:\/\/truecontourmedical.com\/es\/contact\/\">\n\t\t\t\t\t\t<span class=\"elementor-button-content-wrapper\">\n\t\t\t\t\t\t\t\t\t<span class=\"elementor-button-text\">AGENDA TU CONSULTA<\/span>\n\t\t\t\t\t<\/span>\n\t\t\t\t\t<\/a>\n\t\t\t\t<\/div>\n\t\t\t\t\t\t\t\t<\/div>\n\t\t\t\t<\/div>\n\t\t\t\t<\/div>\n\t\t\t\t<\/div>\n\t\t\t\t<\/div>\n\t\t\t\t\t\t<\/div>\n\t\t\t\t<\/div>\n\t\t\t\t<\/div>\n\t\t\t\t\t<\/div>\n\t\t\t\t<\/div>\n\t\t\t\t<\/div>","protected":false},"excerpt":{"rendered":"<p>Power Assisted Liposuction (PAL) What is Power Assisted Liposuction (PAL)? A popular body-sculpting technology, power-assisted liposuction (PAL) uses a cannula attached to an oscillating handpiece that drives it back and forth to break up unwanted fat cells\u2014without the addition of heat\u2014before suctioning them out of the body. Compared to traditional suction-assisted liposuction (https:\/\/www.realself.com\/surgical\/liposuction) (SAL), which [&hellip;]<\/p>","protected":false},"author":2,"featured_media":0,"parent":33,"menu_order":0,"comment_status":"closed","ping_status":"closed","template":"","meta":{"_acf_changed":false,"footnotes":""},"class_list":["post-360","page","type-page","status-publish","hentry"],"acf":[],"_links":{"self":[{"href":"https:\/\/truecontourmedical.com\/es\/wp-json\/wp\/v2\/pages\/360","targetHints":{"allow":["GET"]}}],"collection":[{"href":"https:\/\/truecontourmedical.com\/es\/wp-json\/wp\/v2\/pages"}],"about":[{"href":"https:\/\/truecontourmedical.com\/es\/wp-json\/wp\/v2\/types\/page"}],"author":[{"embeddable":true,"href":"https:\/\/truecontourmedical.com\/es\/wp-json\/wp\/v2\/users\/2"}],"replies":[{"embeddable":true,"href":"https:\/\/truecontourmedical.com\/es\/wp-json\/wp\/v2\/comments?post=360"}],"version-history":[{"count":0,"href":"https:\/\/truecontourmedical.com\/es\/wp-json\/wp\/v2\/pages\/360\/revisions"}],"up":[{"embeddable":true,"href":"https:\/\/truecontourmedical.com\/es\/wp-json\/wp\/v2\/pages\/33"}],"wp:attachment":[{"href":"https:\/\/truecontourmedical.com\/es\/wp-json\/wp\/v2\/media?parent=360"}],"curies":[{"name":"wp","href":"https:\/\/api.w.org\/{rel}","templated":true}]}}